{"id":929,"date":"2018-11-24T02:58:36","date_gmt":"2018-11-24T09:58:36","guid":{"rendered":"http:\/\/betguides.net\/?page_id=929\/"},"modified":"2018-11-24T08:58:26","modified_gmt":"2018-11-24T15:58:26","slug":"home-2","status":"publish","type":"page","link":"https:\/\/betguides.net\/vi\/","title":{"rendered":"Home"},"content":{"rendered":"<p>BetGuides.net l\u00e0 trang web \u0111\u00e1nh gi\u00e1 c\u1edd b\u1ea1c cung c\u1ea5p th\u00f4ng tin t\u1ed1t nh\u1ea5t v\u00e0 \u0111\u00e1ng tin c\u1eady v\u1ec1 c\u1edd b\u1ea1c. b\u1ea1n c\u00f3 th\u1ec3 t\u00ecm th\u1ea5y danh s\u00e1ch c\u00e1c s\u00f2ng b\u1ea1c tr\u1ef1c tuy\u1ebfn, trang web c\u00e1 c\u01b0\u1ee3c th\u1ec3 thao t\u1ed1t nh\u1ea5t, s\u00f2ng b\u1ea1c bitcoin v\u00e0 nhi\u1ec1u th\u00f4ng tin kh\u00e1c v\u1edbi th\u00f4ng tin \u0111\u00e1nh gi\u00e1 chi ti\u1ebft v\u00e0 th\u1eadm ch\u00ed m\u00e3 th\u01b0\u1edfng m\u00e0 ch\u00fang t\u00f4i c\u00f3 th\u1ec3 t\u00ecm th\u1ea5y l\u00e0 c\u1eadp nh\u1eadt nh\u1ea5t.<\/p>\n","protected":false},"excerpt":{"rendered":"<p>BetGuides.net l\u00e0 trang web \u0111\u00e1nh gi\u00e1 c\u1edd b\u1ea1c cung c\u1ea5p th\u00f4ng tin t\u1ed1t nh\u1ea5t v\u00e0 \u0111\u00e1ng tin c\u1eady v\u1ec1 c\u1edd b\u1ea1c. b\u1ea1n c\u00f3 th\u1ec3 t\u00ecm th\u1ea5y danh s\u00e1ch c\u00e1c s\u00f2ng b\u1ea1c tr\u1ef1c tuy\u1ebfn, trang web c\u00e1 c\u01b0\u1ee3c th\u1ec3 thao t\u1ed1t nh\u1ea5t, s\u00f2ng b\u1ea1c bitcoin v\u00e0 nhi\u1ec1u th\u00f4ng tin kh\u00e1c v\u1edbi th\u00f4ng tin \u0111\u00e1nh gi\u00e1 chi [&hellip;]<\/p>\n","protected":false},"author":1,"featured_media":385,"parent":0,"menu_order":0,"comment_status":"closed","ping_status":"closed","template":"page-templates\/homepage.php","meta":{"footnotes":""},"class_list":["post-929","page","type-page","status-publish","has-post-thumbnail","hentry"],"_links":{"self":[{"href":"https:\/\/betguides.net\/vi\/wp-json\/wp\/v2\/pages\/929"}],"collection":[{"href":"https:\/\/betguides.net\/vi\/wp-json\/wp\/v2\/pages"}],"about":[{"href":"https:\/\/betguides.net\/vi\/wp-json\/wp\/v2\/types\/page"}],"author":[{"embeddable":true,"href":"https:\/\/betguides.net\/vi\/wp-json\/wp\/v2\/users\/1"}],"replies":[{"embeddable":true,"href":"https:\/\/betguides.net\/vi\/wp-json\/wp\/v2\/comments?post=929"}],"version-history":[{"count":0,"href":"https:\/\/betguides.net\/vi\/wp-json\/wp\/v2\/pages\/929\/revisions"}],"wp:featuredmedia":[{"embeddable":true,"href":"https:\/\/betguides.net\/vi\/wp-json\/wp\/v2\/media\/385"}],"wp:attachment":[{"href":"https:\/\/betguides.net\/vi\/wp-json\/wp\/v2\/media?parent=929"}],"curies":[{"name":"wp","href":"https:\/\/api.w.org\/{rel}","templated":true}]}}